{"id":20,"date":"2026-03-29T22:58:53","date_gmt":"2026-03-29T22:58:53","guid":{"rendered":"https:\/\/arborizaciones.com\/arborizaciones-bedrock\/web\/?page_id=20"},"modified":"2026-03-29T23:02:24","modified_gmt":"2026-03-29T23:02:24","slug":"publicaciones","status":"publish","type":"page","link":"https:\/\/arborizaciones.com\/arborizaciones-bedrock\/web\/?page_id=20","title":{"rendered":"Publicaciones"},"content":{"rendered":"\n<!-- SECCI\u00d3N DE PUBLICACIONES -->\n<section id=\"publicaciones-section\" class=\"publicaciones-wrapper\">\n    <div class=\"container\">\n        <!-- Header de la secci\u00f3n -->\n        <div class=\"section-header\">\n            <span class=\"section-subtitle\">INVESTIGACI\u00d3N<\/span>\n            <h2 class=\"section-title\">Publicaciones<\/h2>\n            <p class=\"section-description\">\n                Tecnolog\u00eda e investigaci\u00f3n al servicio de la producci\u00f3n forestal\n            <\/p>\n        <\/div>\n\n        <!-- Grid de publicaciones - 2 columnas -->\n        <div class=\"publicaciones-grid\">\n            <!-- Publicaci\u00f3n 1: Art\u00edculos -->\n            <div class=\"publicacion-card\">\n                <div class=\"publicacion-image\">\n                    <img decoding=\"async\" src=\"https:\/\/images.unsplash.com\/photo-1456324504439-367cee1103ea?w=600&#038;h=800&#038;fit=crop\" alt=\"Las Plantaciones Forestales en el Per\u00fa\">\n                    <div class=\"publicacion-year\">2026<\/div>\n                <\/div>\n                <div class=\"publicacion-content\">\n                    <h3>LAS PLANTACIONES FORESTALES EN EL PER\u00da<\/h3>\n                    <p class=\"publicacion-subtitle\">Una visi\u00f3n econ\u00f3mica, social, ambiental y de geopol\u00edtica de las posibilidades de instalar plantaciones forestales productivas en el pa\u00eds.<\/p>\n                    <div class=\"publicacion-details\">\n                        <p><strong>Compilaci\u00f3n T\u00e9cnica<\/strong><\/p>\n                        <p>17 art\u00edculos t\u00e9cnicos (2012 &#8211; 2023)<\/p>\n                        <p><strong>Autor:<\/strong> Armando Quispe Santos<\/p>\n                    <\/div>\n                    <div class=\"publicacion-footer\">\n                        <span class=\"publicacion-category\">Art\u00edculos<\/span>\n                        <a href=\"#\" class=\"btn-descargar\">\n                            <svg width=\"18\" height=\"18\" viewBox=\"0 0 20 20\" fill=\"none\" xmlns=\"http:\/\/www.w3.org\/2000\/svg\">\n                                <path d=\"M10 12.5L7.5 10L10 7.5M10 12.5V3M10 12.5V17.5M3 10H7.5M12.5 10H17.5\" stroke=\"currentColor\" stroke-width=\"2\" stroke-linecap=\"round\" stroke-linejoin=\"round\"\/>\n                            <\/svg>\n                            <span>Ver M\u00e1s<\/span>\n                        <\/a>\n                    <\/div>\n                <\/div>\n            <\/div>\n\n            <!-- Publicaci\u00f3n 2: Investigaci\u00f3n -->\n            <div class=\"publicacion-card\">\n                <div class=\"publicacion-image\">\n                    <img decoding=\"async\" src=\"https:\/\/images.unsplash.com\/photo-1530836369250-ef72a3f5cda8?w=600&#038;h=800&#038;fit=crop\" alt=\"Producci\u00f3n de Plantas de Calidad\">\n                    <div class=\"publicacion-year\">2018<\/div>\n                <\/div>\n                <div class=\"publicacion-content\">\n                    <h3>PRODUCCI\u00d3N DE PLANTAS DE CALIDAD EN VIVEROS FORESTALES T\u00c9CNIFICADOS<\/h3>\n                    <p class=\"publicacion-subtitle\">Gu\u00eda t\u00e9cnica para la producci\u00f3n de plantas forestales de alta calidad en viveros tecnificados.<\/p>\n                    <div class=\"publicacion-details\">\n                        <p><strong>Gu\u00eda T\u00e9cnica<\/strong><\/p>\n                        <p><strong>Autores:<\/strong><\/p>\n                        <p>Armando Quispe Santos<\/p>\n                        <p>Andrea E. Ramos Huapaya<\/p>\n                    <\/div>\n                    <div class=\"publicacion-footer\">\n                        <span class=\"publicacion-category\">Investigaci\u00f3n<\/span>\n                        <a href=\"#\" class=\"btn-descargar\">\n                            <svg width=\"18\" height=\"18\" viewBox=\"0 0 20 20\" fill=\"none\" xmlns=\"http:\/\/www.w3.org\/2000\/svg\">\n                                <path d=\"M10 12.5L7.5 10L10 7.5M10 12.5V3M10 12.5V17.5M3 10H7.5M12.5 10H17.5\" stroke=\"currentColor\" stroke-width=\"2\" stroke-linecap=\"round\" stroke-linejoin=\"round\"\/>\n                            <\/svg>\n                            <span>Ver M\u00e1s<\/span>\n                        <\/a>\n                    <\/div>\n                <\/div>\n            <\/div>\n        <\/div>\n    <\/div>\n<\/section>\n\n<style>\n\/* Variables de color *\/\n:root {\n    --color-primary: #2d5a27;\n    --color-secondary: #4a7c43;\n    --color-accent: #8fbc55;\n    --color-dark: #1a1a1a;\n    --color-light: #f5f5f5;\n    --color-white: #ffffff;\n    --color-bg: #b8c9b0;\n    --transition: all 0.3s cubic-bezier(0.4, 0, 0.2, 1);\n}\n\n\/* Reset y base *\/\n.publicaciones-wrapper {\n    padding: 100px 0;\n    background: var(--color-bg);\n    font-family: 'Segoe UI', Tahoma, Geneva, Verdana, sans-serif;\n    width: 100% !important;\n    max-width: 100% !important;\n    margin: 0 !important;\n}\n\n\/* Container - 80% del ancho y centrado *\/\n.publicaciones-wrapper .container {\n    width: 80% !important;\n    max-width: 1400px !important;\n    margin: 0 auto !important;\n    padding: 0 20px;\n    position: relative;\n}\n\n\/* Header de secci\u00f3n *\/\n.publicaciones-wrapper .section-header {\n    text-align: center;\n    margin-bottom: 70px;\n    opacity: 0;\n    animation: fadeInUp 0.8s ease forwards;\n}\n\n.publicaciones-wrapper .section-subtitle {\n    display: inline-block;\n    color: var(--color-primary);\n    font-size: 14px;\n    font-weight: 700;\n    text-transform: uppercase;\n    letter-spacing: 3px;\n    margin-bottom: 15px;\n    position: relative;\n}\n\n.publicaciones-wrapper .section-subtitle::after {\n    content: '';\n    position: absolute;\n    bottom: -8px;\n    left: 50%;\n    transform: translateX(-50%);\n    width: 40px;\n    height: 3px;\n    background: var(--color-primary);\n    border-radius: 2px;\n}\n\n.publicaciones-wrapper .section-title {\n    font-size: 56px;\n    color: var(--color-white);\n    margin: 25px 0 20px;\n    font-weight: 300;\n    line-height: 1.2;\n    letter-spacing: 2px;\n}\n\n.publicaciones-wrapper .section-description {\n    font-size: 18px;\n    color: var(--color-white);\n    max-width: 700px;\n    margin: 0 auto;\n    line-height: 1.8;\n    opacity: 0.9;\n}\n\n\/* Grid de publicaciones - 2 columnas *\/\n.publicaciones-wrapper .publicaciones-grid {\n    display: grid;\n    grid-template-columns: repeat(2, 1fr);\n    gap: 50px;\n    margin-bottom: 60px;\n    justify-content: center;\n    justify-items: center;\n    width: 100%;\n}\n\n\/* Tarjeta de publicaci\u00f3n *\/\n.publicaciones-wrapper .publicacion-card {\n    background: var(--color-white);\n    border-radius: 12px;\n    overflow: hidden;\n    box-shadow: 0 10px 40px rgba(0,0,0,0.15);\n    transition: var(--transition);\n    opacity: 0;\n    transform: translateY(30px);\n    animation: fadeInUp 0.6s ease forwards;\n    width: 100%;\n    max-width: 500px;\n    display: flex;\n    flex-direction: column;\n}\n\n.publicaciones-wrapper .publicacion-card:nth-child(1) { animation-delay: 0.1s; }\n.publicaciones-wrapper .publicacion-card:nth-child(2) { animation-delay: 0.3s; }\n\n.publicaciones-wrapper .publicacion-card:hover {\n    transform: translateY(-15px);\n    box-shadow: 0 20px 60px rgba(0,0,0,0.25);\n}\n\n.publicaciones-wrapper .publicacion-image {\n    position: relative;\n    height: 450px;\n    overflow: hidden;\n    background: #f0f0f0;\n}\n\n.publicaciones-wrapper .publicacion-image img {\n    width: 100%;\n    height: 100%;\n    object-fit: cover;\n    transition: transform 0.6s ease;\n}\n\n.publicaciones-wrapper .publicacion-card:hover .publicacion-image img {\n    transform: scale(1.05);\n}\n\n.publicaciones-wrapper .publicacion-year {\n    position: absolute;\n    bottom: 20px;\n    left: 50%;\n    transform: translateX(-50%);\n    background: var(--color-primary);\n    color: var(--color-white);\n    padding: 10px 30px;\n    border-radius: 30px;\n    font-size: 24px;\n    font-weight: 700;\n    z-index: 2;\n    box-shadow: 0 4px 15px rgba(0,0,0,0.3);\n}\n\n.publicaciones-wrapper .publicacion-content {\n    padding: 30px;\n    flex-grow: 1;\n    display: flex;\n    flex-direction: column;\n}\n\n.publicaciones-wrapper .publicacion-content h3 {\n    font-size: 20px;\n    color: var(--color-primary);\n    margin: 0 0 15px 0;\n    font-weight: 700;\n    line-height: 1.4;\n    text-transform: uppercase;\n}\n\n.publicaciones-wrapper .publicacion-subtitle {\n    font-size: 14px;\n    color: #666;\n    line-height: 1.7;\n    margin: 0 0 20px 0;\n    font-style: italic;\n}\n\n.publicaciones-wrapper .publicacion-details {\n    flex-grow: 1;\n    margin-bottom: 25px;\n}\n\n.publicaciones-wrapper .publicacion-details p {\n    font-size: 14px;\n    color: #555;\n    line-height: 1.8;\n    margin: 0 0 8px 0;\n}\n\n.publicaciones-wrapper .publicacion-details strong {\n    color: var(--color-primary);\n}\n\n.publicaciones-wrapper .publicacion-footer {\n    display: flex;\n    justify-content: space-between;\n    align-items: center;\n    padding-top: 20px;\n    border-top: 2px solid var(--color-light);\n}\n\n.publicaciones-wrapper .publicacion-category {\n    font-size: 16px;\n    color: var(--color-primary);\n    font-weight: 600;\n    text-transform: uppercase;\n    letter-spacing: 1px;\n}\n\n.publicaciones-wrapper .btn-descargar {\n    display: inline-flex;\n    align-items: center;\n    gap: 8px;\n    padding: 12px 24px;\n    background: var(--color-primary);\n    color: var(--color-white);\n    text-decoration: none;\n    border-radius: 50px;\n    font-weight: 600;\n    font-size: 14px;\n    transition: var(--transition);\n}\n\n.publicaciones-wrapper .btn-descargar:hover {\n    background: var(--color-secondary);\n    transform: translateX(5px);\n}\n\n.publicaciones-wrapper .btn-descargar svg {\n    transition: transform 0.3s ease;\n}\n\n.publicaciones-wrapper .btn-descargar:hover svg {\n    transform: translateX(3px);\n}\n\n\/* Animaciones *\/\n@keyframes fadeInUp {\n    to {\n        opacity: 1;\n        transform: translateY(0);\n    }\n}\n\n\/* Responsive *\/\n@media (max-width: 1024px) {\n    .publicaciones-wrapper .container {\n        width: 90% !important;\n        max-width: 90% !important;\n    }\n    \n    .publicaciones-wrapper .publicaciones-grid {\n        grid-template-columns: repeat(2, 1fr);\n        gap: 30px;\n    }\n    \n    .publicaciones-wrapper .section-title {\n        font-size: 42px;\n    }\n    \n    .publicaciones-wrapper .section-description {\n        font-size: 16px;\n    }\n}\n\n@media (max-width: 768px) {\n    .publicaciones-wrapper {\n        padding: 60px 0;\n    }\n    \n    .publicaciones-wrapper .container {\n        width: 95% !important;\n        max-width: 95% !important;\n    }\n    \n    .publicaciones-wrapper .publicaciones-grid {\n        grid-template-columns: 1fr;\n        gap: 40px;\n        justify-items: center;\n    }\n    \n    .publicaciones-wrapper .publicacion-card {\n        max-width: 100%;\n    }\n    \n    .publicaciones-wrapper .section-title {\n        font-size: 36px;\n    }\n    \n    .publicaciones-wrapper .publicacion-image {\n        height: 400px;\n    }\n    \n    .publicaciones-wrapper .publicacion-content h3 {\n        font-size: 18px;\n    }\n    \n    .publicaciones-wrapper .publicacion-footer {\n        flex-direction: column;\n        gap: 15px;\n        align-items: flex-start;\n    }\n}\n\n\/* Efecto de carga al scroll *\/\n.publicaciones-wrapper .publicacion-card {\n    opacity: 0;\n    animation: none;\n}\n\n.publicaciones-wrapper .publicacion-card.visible {\n    opacity: 1;\n    animation: fadeInUp 0.6s ease forwards;\n}\n<\/style>\n\n<script>\n\/\/ Animaci\u00f3n al hacer scroll\ndocument.addEventListener('DOMContentLoaded', function() {\n    const observerOptions = {\n        threshold: 0.1,\n        rootMargin: '0px 0px -50px 0px'\n    };\n\n    const observer = new IntersectionObserver(function(entries) {\n        entries.forEach(entry => {\n            if (entry.isIntersecting) {\n                entry.target.classList.add('visible');\n                observer.unobserve(entry.target);\n            }\n        });\n    }, observerOptions);\n\n    const cards = document.querySelectorAll('.publicaciones-wrapper .publicacion-card');\n    cards.forEach(card => {\n        observer.observe(card);\n    });\n\n    \/\/ Efecto parallax suave en las im\u00e1genes\n    const publicacionCards = document.querySelectorAll('.publicaciones-wrapper .publicacion-card');\n    publicacionCards.forEach(card => {\n        card.addEventListener('mousemove', function(e) {\n            const rect = card.getBoundingClientRect();\n            const x = e.clientX - rect.left;\n            const y = e.clientY - rect.top;\n            \n            const img = card.querySelector('.publicacion-image img');\n            const centerX = rect.width \/ 2;\n            const centerY = rect.height \/ 2;\n            \n            const rotateX = (y - centerY) \/ 30;\n            const rotateY = (centerX - x) \/ 30;\n            \n            img.style.transform = `perspective(1000px) rotateX(${rotateX}deg) rotateY(${rotateY}deg) scale(1.05)`;\n        });\n        \n        card.addEventListener('mouseleave', function() {\n            const img = card.querySelector('.publicacion-image img');\n            img.style.transform = 'perspective(1000px) rotateX(0) rotateY(0) scale(1)';\n        });\n    });\n});\n<\/script>\n","protected":false},"excerpt":{"rendered":"<p>INVESTIGACI\u00d3N Publicaciones Tecnolog\u00eda e investigaci\u00f3n al servicio de la producci\u00f3n forestal 2026 LAS PLANTACIONES FORESTALES EN EL PER\u00da Una visi\u00f3n [&hellip;]<\/p>\n","protected":false},"author":1,"featured_media":0,"parent":0,"menu_order":0,"comment_status":"closed","ping_status":"closed","template":"","meta":{"site-sidebar-layout":"default","site-content-layout":"","ast-site-content-layout":"default","site-content-style":"default","site-sidebar-style":"default","ast-global-header-display":"","ast-banner-title-visibility":"","ast-main-header-display":"","ast-hfb-above-header-display":"","ast-hfb-below-header-display":"","ast-hfb-mobile-header-display":"","site-post-title":"","ast-breadcrumbs-content":"","ast-featured-img":"","footer-sml-layout":"","ast-disable-related-posts":"","theme-transparent-header-meta":"","adv-header-id-meta":"","stick-header-meta":"","header-above-stick-meta":"","header-main-stick-meta":"","header-below-stick-meta":"","astra-migrate-meta-layouts":"default","ast-page-background-enabled":"default","ast-page-background-meta":{"desktop":{"background-color":"var(--ast-global-color-5)","background-image":"","background-repeat":"repeat","background-position":"center center","background-size":"auto","background-attachment":"scroll","background-type":"","background-media":"","overlay-type":"","overlay-color":"","overlay-opacity":"","overlay-gradient":""},"tablet":{"background-color":"","background-image":"","background-repeat":"repeat","background-position":"center center","background-size":"auto","background-attachment":"scroll","background-type":"","background-media":"","overlay-type":"","overlay-color":"","overlay-opacity":"","overlay-gradient":""},"mobile":{"background-color":"","background-image":"","background-repeat":"repeat","background-position":"center center","background-size":"auto","background-attachment":"scroll","background-type":"","background-media":"","overlay-type":"","overlay-color":"","overlay-opacity":"","overlay-gradient":""}},"ast-content-background-meta":{"desktop":{"background-color":"var(--ast-global-color-4)","background-image":"","background-repeat":"repeat","background-position":"center center","background-size":"auto","background-attachment":"scroll","background-type":"","background-media":"","overlay-type":"","overlay-color":"","overlay-opacity":"","overlay-gradient":""},"tablet":{"background-color":"var(--ast-global-color-4)","background-image":"","background-repeat":"repeat","background-position":"center center","background-size":"auto","background-attachment":"scroll","background-type":"","background-media":"","overlay-type":"","overlay-color":"","overlay-opacity":"","overlay-gradient":""},"mobile":{"background-color":"var(--ast-global-color-4)","background-image":"","background-repeat":"repeat","background-position":"center center","background-size":"auto","background-attachment":"scroll","background-type":"","background-media":"","overlay-type":"","overlay-color":"","overlay-opacity":"","overlay-gradient":""}},"footnotes":""},"class_list":["post-20","page","type-page","status-publish","hentry"],"_links":{"self":[{"href":"https:\/\/arborizaciones.com\/arborizaciones-bedrock\/web\/index.php?rest_route=\/wp\/v2\/pages\/20","targetHints":{"allow":["GET"]}}],"collection":[{"href":"https:\/\/arborizaciones.com\/arborizaciones-bedrock\/web\/index.php?rest_route=\/wp\/v2\/pages"}],"about":[{"href":"https:\/\/arborizaciones.com\/arborizaciones-bedrock\/web\/index.php?rest_route=\/wp\/v2\/types\/page"}],"author":[{"embeddable":true,"href":"https:\/\/arborizaciones.com\/arborizaciones-bedrock\/web\/index.php?rest_route=\/wp\/v2\/users\/1"}],"replies":[{"embeddable":true,"href":"https:\/\/arborizaciones.com\/arborizaciones-bedrock\/web\/index.php?rest_route=%2Fwp%2Fv2%2Fcomments&post=20"}],"version-history":[{"count":2,"href":"https:\/\/arborizaciones.com\/arborizaciones-bedrock\/web\/index.php?rest_route=\/wp\/v2\/pages\/20\/revisions"}],"predecessor-version":[{"id":22,"href":"https:\/\/arborizaciones.com\/arborizaciones-bedrock\/web\/index.php?rest_route=\/wp\/v2\/pages\/20\/revisions\/22"}],"wp:attachment":[{"href":"https:\/\/arborizaciones.com\/arborizaciones-bedrock\/web\/index.php?rest_route=%2Fwp%2Fv2%2Fmedia&parent=20"}],"curies":[{"name":"wp","href":"https:\/\/api.w.org\/{rel}","templated":true}]}}